{"id":3697,"date":"2023-10-07T15:27:44","date_gmt":"2023-10-07T15:27:44","guid":{"rendered":"https:\/\/dev.drschatzl.at\/ordinatii\/"},"modified":"2024-09-02T12:43:58","modified_gmt":"2024-09-02T12:43:58","slug":"ordinatii","status":"publish","type":"page","link":"https:\/\/drschatzl.at\/ro\/ordinatii\/","title":{"rendered":"Ordina\u021bii"},"content":{"rendered":"\t\t<div data-elementor-type=\"wp-page\" data-elementor-id=\"3697\" class=\"elementor elementor-3697 elementor-3257\">\n\t\t\t\t\t\t\t\t\t<section class=\"elementor-section elementor-top-section elementor-element elementor-element-277de94 elementor-section-boxed elementor-section-height-default elementor-section-height-default\" data-id=\"277de94\" data-element_type=\"section\">\r\n\t\t\r\n\t\t\t\t\t\t\t<div class=\"elementor-container elementor-column-gap-default\">\r\n\t\t\t\t\t\t\t\t\t\t\t<div class=\"elementor-column elementor-col-100 elementor-top-column elementor-element elementor-element-2980147\" data-id=\"2980147\" data-element_type=\"column\">\r\n\t\t\t\t\t<div class=\"elementor-widget-wrap elementor-element-populated\">\r\n\t\t\t\t\t\t\t\t<div class=\"elementor-element elementor-element-f646d5f elementor-widget elementor-widget-text-editor\" data-id=\"f646d5f\" data-element_type=\"widget\" data-widget_type=\"text-editor.default\">\n\t\t\t\t<div class=\"elementor-widget-container\">\n\t\t\t<style>\/*! elementor - v3.18.0 - 08-12-2023 *\/\n.elementor-widget-text-editor.elementor-drop-cap-view-stacked .elementor-drop-cap{background-color:#69727d;color:#fff}.elementor-widget-text-editor.elementor-drop-cap-view-framed .elementor-drop-cap{color:#69727d;border:3px solid;background-color:transparent}.elementor-widget-text-editor:not(.elementor-drop-cap-view-default) .elementor-drop-cap{margin-top:8px}.elementor-widget-text-editor:not(.elementor-drop-cap-view-default) .elementor-drop-cap-letter{width:1em;height:1em}.elementor-widget-text-editor .elementor-drop-cap{float:left;text-align:center;line-height:1;font-size:50px}.elementor-widget-text-editor .elementor-drop-cap-letter{display:inline-block}<\/style>\t\t\t\t<p>C<strong>abinet modern de urologie \u00een 1090 Viena<\/strong> \u00cen cabinetul meu din Lazarettgasse din Viena, pacien\u021bii mei au acces la op\u021biuni de examinare \u0219i tratament de ultim\u0103 or\u0103 \u00eentr-o atmosfer\u0103 calm\u0103 \u0219i prietenoas\u0103. Acestea nu numai c\u0103 ofer\u0103 o baz\u0103 mai precis\u0103 pentru un diagnostic precis sau metode minim invazive &#8211; fie screening anual, fie tratament pe termen lung &#8211; dar sunt adesea \u00eenso\u021bite de mult mai pu\u021bine efecte secundare pentru dumneavoastr\u0103. \u00cen plus, toate procedurile &#8211; de la tratamentul \u00een ambulatoriu la \u00eengrijirea \u00een spital &#8211; pot fi efectuate la clinica privat\u0103 afiliat\u0103 din Viena.<\/p>\n<p>P<strong>rogram\u0103ri pe termen scurt<\/strong> Suntem \u00eentotdeauna bucuro\u0219i s\u0103 v\u0103 ajut\u0103m cu preocup\u0103rile \u0219i pl\u00e2ngerile dumneavoastr\u0103 &#8211; \u00een majoritatea cazurilor, pute\u021bi, de asemenea, s\u0103 v\u0103 face\u021bi o programare pentru un tratament sau o examinare rapid \u0219i pe termen scurt sun\u00e2ndu-ne \u00een avans. Cu toate acestea, \u00eentotdeauna \u00eemi iau suficient timp pentru un diagnostic detaliat \u0219i o discu\u021bie despre terapie.<\/p>\n<p>P<strong>ractic\u0103 privat\u0103 sau electiv\u0103<\/strong> Deoarece nu am \u00eencheiat niciun contract cu societ\u0103\u021bile respective de asigur\u0103ri de s\u0103n\u0103tate, ve\u021bi veni la mine ca pacient privat. Cu toate acestea, acest lucru nu \u00eenseamn\u0103 automat c\u0103 trebuie s\u0103 suporta\u021bi singur costurile onorariilor mele. Atunci c\u00e2nd vizita\u021bi cabinetul meu din Viena, ve\u021bi primi o not\u0103 de plat\u0103, pe care o ve\u021bi achita singur pentru moment. Cu toate acestea, le pute\u021bi depune la compania dvs. de asigur\u0103ri de s\u0103n\u0103tate pentru rambursarea costurilor tratamentului.<\/p>\n<p>R<strong>ambursare<\/strong> Casele de asigur\u0103ri de s\u0103n\u0103tate ramburseaz\u0103 80% din tariful panelului atunci c\u00e2nd apeleaz\u0103 la un medic electiv &#8211; acesta este tariful pe care casa de asigur\u0103ri de s\u0103n\u0103tate \u00eel pl\u0103te\u0219te unui medic panel pentru acela\u0219i serviciu. Pentru calcularea ramburs\u0103rii se utilizeaz\u0103 numai acele servicii care sunt incluse \u00een catalogul de tarife al casei de asigur\u0103ri de s\u0103n\u0103tate pentru grupul de speciali\u0219ti respectiv. Cu toate acestea, v\u0103 rug\u0103m s\u0103 re\u021bine\u021bi c\u0103 onorariul meu poate fi mai mare dec\u00e2t tariful \u00een numerar men\u021bionat mai sus. Informa\u021bii suplimentare privind rambursarea costurilor prin intermediul fondurilor de asigur\u0103ri de s\u0103n\u0103tate pot fi g\u0103site \u0219i pe site-ul web al Asocia\u021biei Medicale. Desigur, vom fi, de asemenea, bucuro\u0219i s\u0103 v\u0103 inform\u0103m personal \u0219i s\u0103 v\u0103 ajut\u0103m cu prezentarea c\u0103tre compania dumneavoastr\u0103 de asigur\u0103ri de s\u0103n\u0103tate &#8211; doar \u00eentreba\u021bi-ne!<\/p>\n<p>A<strong>sigurare privat\u0103 de s\u0103n\u0103tate \/ deducere fiscal\u0103<\/strong> \u00cen cazul \u00een care ave\u021bi o asigurare privat\u0103 de s\u0103n\u0103tate, pute\u021bi depune acolo costurile de tratament sau costurile care dep\u0103\u0219esc rambursarea de c\u0103tre asigurarea de s\u0103n\u0103tate \u0219i &#8211; eventual mai pu\u021bin orice fran\u0219iz\u0103 conform contractului dvs. de asigurare &#8211; pute\u021bi fi rambursat. V\u0103 rug\u0103m s\u0103 contacta\u021bi asigur\u0103torul dumneavoastr\u0103 \u00een acest sens. \u00cen plus, costurile men\u021bionate mai sus sunt, de asemenea, deductibile fiscal \u00een evaluarea angaja\u021bilor (egalizarea impozitului pe salariu) sau \u00een declara\u021bia de impozit pe venit, \u00een anumite condi\u021bii. Pentru mai multe informa\u021bii, v\u0103 rug\u0103m s\u0103 contacta\u021bi biroul fiscal local sau consultantul fiscal.<\/p>\n<p>Desigur, vom fi, de asemenea, bucuro\u0219i s\u0103 v\u0103 inform\u0103m personal \u0219i s\u0103 v\u0103 ajut\u0103m cu prezentarea c\u0103tre compania dumneavoastr\u0103 de asigur\u0103ri de s\u0103n\u0103tate &#8211; <a href=\"https:\/\/drschatzl.at\/kontakt\/\">doar \u00eentreba\u021bi-ne<\/a>!<\/p>\n\t\t\t\t\t\t<\/div>\n\t\t\t\t<\/div>\n\t\t\t\t\t<\/div>\r\n\t\t\t\t<\/div>\r\n\t\t\t\t\t<\/div>\r\n\t\t\t\t<\/section>\r\n\t\t\t\t<section class=\"elementor-section elementor-top-section elementor-element elementor-element-135daac pb-5 elementor-section-boxed elementor-section-height-default elementor-section-height-default\" data-id=\"135daac\" data-element_type=\"section\">\r\n\t\t\r\n\t\t\t\t\t\t\t<div class=\"elementor-container elementor-column-gap-default\">\r\n\t\t\t\t\t\t\t\t\t\t\t<div class=\"elementor-column elementor-col-50 elementor-top-column elementor-element elementor-element-5904d92\" data-id=\"5904d92\" data-element_type=\"column\">\r\n\t\t\t\t\t<div class=\"elementor-widget-wrap elementor-element-populated\">\r\n\t\t\t\t\t\t\t\t<div class=\"elementor-element elementor-element-8f5e8db p-3 box-shadow-1 elementor-invisible elementor-widget elementor-widget-image\" data-id=\"8f5e8db\" data-element_type=\"widget\" data-settings=\"{&quot;_animation&quot;:&quot;fadeInUp&quot;,&quot;_animation_delay&quot;:500}\" data-widget_type=\"image.default\">\n\t\t\t\t<div class=\"elementor-widget-container\">\n\t\t\t<style>\/*! elementor - v3.18.0 - 08-12-2023 *\/\n.elementor-widget-image{text-align:center}.elementor-widget-image a{display:inline-block}.elementor-widget-image a img[src$=\".svg\"]{width:48px}.elementor-widget-image img{vertical-align:middle;display:inline-block}<\/style>\t\t\t\t\t\t\t\t\t\t\t\t<img fetchpriority=\"high\" decoding=\"async\" width=\"840\" height=\"420\" src=\"https:\/\/drschatzl.at\/wp-content\/uploads\/2023\/10\/Ordination_8.jpg\" class=\"attachment-full size-full wp-image-3264\" alt=\"\" srcset=\"https:\/\/drschatzl.at\/wp-content\/uploads\/2023\/10\/Ordination_8.jpg 840w, https:\/\/drschatzl.at\/wp-content\/uploads\/2023\/10\/Ordination_8-768x384.jpg 768w, https:\/\/drschatzl.at\/wp-content\/uploads\/2023\/10\/Ordination_8-640x320.jpg 640w, https:\/\/drschatzl.at\/wp-content\/uploads\/2023\/10\/Ordination_8-400x200.jpg 400w\" sizes=\"(max-width: 840px) 100vw, 840px\" \/>\t\t\t\t\t\t\t\t\t\t\t\t\t\t\t<\/div>\n\t\t\t\t<\/div>\n\t\t\t\t<div class=\"elementor-element elementor-element-30800f6 p-3 box-shadow-1 elementor-invisible elementor-widget elementor-widget-image\" data-id=\"30800f6\" data-element_type=\"widget\" data-settings=\"{&quot;_animation&quot;:&quot;fadeInUp&quot;,&quot;_animation_delay&quot;:500}\" data-widget_type=\"image.default\">\n\t\t\t\t<div class=\"elementor-widget-container\">\n\t\t\t\t\t\t\t\t\t\t\t\t\t\t\t<img decoding=\"async\" width=\"840\" height=\"420\" src=\"https:\/\/drschatzl.at\/wp-content\/uploads\/2023\/10\/Ordination_1.jpg\" class=\"attachment-full size-full wp-image-3266\" alt=\"\" srcset=\"https:\/\/drschatzl.at\/wp-content\/uploads\/2023\/10\/Ordination_1.jpg 840w, https:\/\/drschatzl.at\/wp-content\/uploads\/2023\/10\/Ordination_1-768x384.jpg 768w, https:\/\/drschatzl.at\/wp-content\/uploads\/2023\/10\/Ordination_1-640x320.jpg 640w, https:\/\/drschatzl.at\/wp-content\/uploads\/2023\/10\/Ordination_1-400x200.jpg 400w\" sizes=\"(max-width: 840px) 100vw, 840px\" \/>\t\t\t\t\t\t\t\t\t\t\t\t\t\t\t<\/div>\n\t\t\t\t<\/div>\n\t\t\t\t<div class=\"elementor-element elementor-element-6bb2e8c p-3 box-shadow-1 elementor-invisible elementor-widget elementor-widget-image\" data-id=\"6bb2e8c\" data-element_type=\"widget\" data-settings=\"{&quot;_animation&quot;:&quot;fadeInUp&quot;,&quot;_animation_delay&quot;:500}\" data-widget_type=\"image.default\">\n\t\t\t\t<div class=\"elementor-widget-container\">\n\t\t\t\t\t\t\t\t\t\t\t\t\t\t\t<img decoding=\"async\" width=\"840\" height=\"420\" src=\"https:\/\/drschatzl.at\/wp-content\/uploads\/2023\/10\/Ordination_7.jpg\" class=\"attachment-full size-full wp-image-3268\" alt=\"\" srcset=\"https:\/\/drschatzl.at\/wp-content\/uploads\/2023\/10\/Ordination_7.jpg 840w, https:\/\/drschatzl.at\/wp-content\/uploads\/2023\/10\/Ordination_7-768x384.jpg 768w, https:\/\/drschatzl.at\/wp-content\/uploads\/2023\/10\/Ordination_7-640x320.jpg 640w, https:\/\/drschatzl.at\/wp-content\/uploads\/2023\/10\/Ordination_7-400x200.jpg 400w\" sizes=\"(max-width: 840px) 100vw, 840px\" \/>\t\t\t\t\t\t\t\t\t\t\t\t\t\t\t<\/div>\n\t\t\t\t<\/div>\n\t\t\t\t\t<\/div>\r\n\t\t\t\t<\/div>\r\n\t\t\t\t<div class=\"elementor-column elementor-col-50 elementor-top-column elementor-element elementor-element-8226df9\" data-id=\"8226df9\" data-element_type=\"column\">\r\n\t\t\t\t\t<div class=\"elementor-widget-wrap elementor-element-populated\">\r\n\t\t\t\t\t\t\t\t<div class=\"elementor-element elementor-element-d8c1beb p-3 box-shadow-1 elementor-invisible elementor-widget elementor-widget-image\" data-id=\"d8c1beb\" data-element_type=\"widget\" data-settings=\"{&quot;_animation&quot;:&quot;fadeInUp&quot;,&quot;_animation_delay&quot;:700}\" data-widget_type=\"image.default\">\n\t\t\t\t<div class=\"elementor-widget-container\">\n\t\t\t\t\t\t\t\t\t\t\t\t\t\t\t<img loading=\"lazy\" decoding=\"async\" width=\"840\" height=\"420\" src=\"https:\/\/drschatzl.at\/wp-content\/uploads\/2023\/10\/Ordination_5.jpg\" class=\"attachment-full size-full wp-image-3265\" alt=\"\" srcset=\"https:\/\/drschatzl.at\/wp-content\/uploads\/2023\/10\/Ordination_5.jpg 840w, https:\/\/drschatzl.at\/wp-content\/uploads\/2023\/10\/Ordination_5-768x384.jpg 768w, https:\/\/drschatzl.at\/wp-content\/uploads\/2023\/10\/Ordination_5-640x320.jpg 640w, https:\/\/drschatzl.at\/wp-content\/uploads\/2023\/10\/Ordination_5-400x200.jpg 400w\" sizes=\"(max-width: 840px) 100vw, 840px\" \/>\t\t\t\t\t\t\t\t\t\t\t\t\t\t\t<\/div>\n\t\t\t\t<\/div>\n\t\t\t\t<div class=\"elementor-element elementor-element-9bfcc1b p-3 box-shadow-1 elementor-invisible elementor-widget elementor-widget-image\" data-id=\"9bfcc1b\" data-element_type=\"widget\" data-settings=\"{&quot;_animation&quot;:&quot;fadeInUp&quot;,&quot;_animation_delay&quot;:700}\" data-widget_type=\"image.default\">\n\t\t\t\t<div class=\"elementor-widget-container\">\n\t\t\t\t\t\t\t\t\t\t\t\t\t\t\t<img loading=\"lazy\" decoding=\"async\" width=\"840\" height=\"420\" src=\"https:\/\/drschatzl.at\/wp-content\/uploads\/2023\/10\/Ordination_3.jpg\" class=\"attachment-full size-full wp-image-3267\" alt=\"\" srcset=\"https:\/\/drschatzl.at\/wp-content\/uploads\/2023\/10\/Ordination_3.jpg 840w, https:\/\/drschatzl.at\/wp-content\/uploads\/2023\/10\/Ordination_3-768x384.jpg 768w, https:\/\/drschatzl.at\/wp-content\/uploads\/2023\/10\/Ordination_3-640x320.jpg 640w, https:\/\/drschatzl.at\/wp-content\/uploads\/2023\/10\/Ordination_3-400x200.jpg 400w\" sizes=\"(max-width: 840px) 100vw, 840px\" \/>\t\t\t\t\t\t\t\t\t\t\t\t\t\t\t<\/div>\n\t\t\t\t<\/div>\n\t\t\t\t<div class=\"elementor-element elementor-element-8bba730 p-3 box-shadow-1 elementor-invisible elementor-widget elementor-widget-image\" data-id=\"8bba730\" data-element_type=\"widget\" data-settings=\"{&quot;_animation&quot;:&quot;fadeInUp&quot;,&quot;_animation_delay&quot;:700}\" data-widget_type=\"image.default\">\n\t\t\t\t<div class=\"elementor-widget-container\">\n\t\t\t\t\t\t\t\t\t\t\t\t\t\t\t<img loading=\"lazy\" decoding=\"async\" width=\"840\" height=\"420\" src=\"https:\/\/drschatzl.at\/wp-content\/uploads\/2023\/10\/Ordination_6.jpg\" class=\"attachment-full size-full wp-image-3269\" alt=\"\" srcset=\"https:\/\/drschatzl.at\/wp-content\/uploads\/2023\/10\/Ordination_6.jpg 840w, https:\/\/drschatzl.at\/wp-content\/uploads\/2023\/10\/Ordination_6-768x384.jpg 768w, https:\/\/drschatzl.at\/wp-content\/uploads\/2023\/10\/Ordination_6-640x320.jpg 640w, https:\/\/drschatzl.at\/wp-content\/uploads\/2023\/10\/Ordination_6-400x200.jpg 400w\" sizes=\"(max-width: 840px) 100vw, 840px\" \/>\t\t\t\t\t\t\t\t\t\t\t\t\t\t\t<\/div>\n\t\t\t\t<\/div>\n\t\t\t\t\t<\/div>\r\n\t\t\t\t<\/div>\r\n\t\t\t\t\t<\/div>\r\n\t\t\t\t<\/section>\r\n\t\t\t\t\t\t\t<\/div>\n\t\t","protected":false},"excerpt":{"rendered":"<p>Cabinet modern de urologie \u00een 1090 Viena \u00cen cabinetul meu din Lazarettgasse din Viena, pacien\u021bii mei au acces la op\u021biuni de examinare \u0219i tratament de ultim\u0103 or\u0103 \u00eentr-o atmosfer\u0103 calm\u0103 \u0219i prietenoas\u0103. Acestea nu numai c\u0103 ofer\u0103 o baz\u0103 mai precis\u0103 pentru un diagnostic precis sau metode minim invazive &#8211; fie screening anual, fie tratament [&hellip;]<\/p>\n","protected":false},"author":3,"featured_media":0,"parent":0,"menu_order":0,"comment_status":"closed","ping_status":"closed","template":"","meta":{"footnotes":""},"class_list":["post-3697","page","type-page","status-publish","hentry"],"_links":{"self":[{"href":"https:\/\/drschatzl.at\/ro\/wp-json\/wp\/v2\/pages\/3697","targetHints":{"allow":["GET"]}}],"collection":[{"href":"https:\/\/drschatzl.at\/ro\/wp-json\/wp\/v2\/pages"}],"about":[{"href":"https:\/\/drschatzl.at\/ro\/wp-json\/wp\/v2\/types\/page"}],"author":[{"embeddable":true,"href":"https:\/\/drschatzl.at\/ro\/wp-json\/wp\/v2\/users\/3"}],"replies":[{"embeddable":true,"href":"https:\/\/drschatzl.at\/ro\/wp-json\/wp\/v2\/comments?post=3697"}],"version-history":[{"count":3,"href":"https:\/\/drschatzl.at\/ro\/wp-json\/wp\/v2\/pages\/3697\/revisions"}],"predecessor-version":[{"id":3872,"href":"https:\/\/drschatzl.at\/ro\/wp-json\/wp\/v2\/pages\/3697\/revisions\/3872"}],"wp:attachment":[{"href":"https:\/\/drschatzl.at\/ro\/wp-json\/wp\/v2\/media?parent=3697"}],"curies":[{"name":"wp","href":"https:\/\/api.w.org\/{rel}","templated":true}]}}