{"id":3873,"date":"2023-10-07T15:27:44","date_gmt":"2023-10-07T15:27:44","guid":{"rendered":"https:\/\/dev.drschatzl.at\/%d0%be%d1%80%d0%b4%d0%b8%d0%bd%d0%b0%d1%86%d0%b8%d0%b8\/"},"modified":"2024-09-02T12:47:08","modified_gmt":"2024-09-02T12:47:08","slug":"%d0%be%d1%80%d0%b4%d0%b8%d0%bd%d0%b0%d1%86%d0%b8%d0%b8","status":"publish","type":"page","link":"https:\/\/drschatzl.at\/ru\/%d0%be%d1%80%d0%b4%d0%b8%d0%bd%d0%b0%d1%86%d0%b8%d0%b8\/","title":{"rendered":"\u041e\u0440\u0434\u0438\u043d\u0430\u0446\u0438\u0438"},"content":{"rendered":"\t\t<div data-elementor-type=\"wp-page\" data-elementor-id=\"3873\" class=\"elementor elementor-3873 elementor-3257\">\n\t\t\t\t\t\t\t\t\t<section class=\"elementor-section elementor-top-section elementor-element elementor-element-277de94 elementor-section-boxed elementor-section-height-default elementor-section-height-default\" data-id=\"277de94\" data-element_type=\"section\">\r\n\t\t\r\n\t\t\t\t\t\t\t<div class=\"elementor-container elementor-column-gap-default\">\r\n\t\t\t\t\t\t\t\t\t\t\t<div class=\"elementor-column elementor-col-100 elementor-top-column elementor-element elementor-element-2980147\" data-id=\"2980147\" data-element_type=\"column\">\r\n\t\t\t\t\t<div class=\"elementor-widget-wrap elementor-element-populated\">\r\n\t\t\t\t\t\t\t\t<div class=\"elementor-element elementor-element-f646d5f elementor-widget elementor-widget-text-editor\" data-id=\"f646d5f\" data-element_type=\"widget\" data-widget_type=\"text-editor.default\">\n\t\t\t\t<div class=\"elementor-widget-container\">\n\t\t\t<style>\/*! elementor - v3.18.0 - 08-12-2023 *\/\n.elementor-widget-text-editor.elementor-drop-cap-view-stacked .elementor-drop-cap{background-color:#69727d;color:#fff}.elementor-widget-text-editor.elementor-drop-cap-view-framed .elementor-drop-cap{color:#69727d;border:3px solid;background-color:transparent}.elementor-widget-text-editor:not(.elementor-drop-cap-view-default) .elementor-drop-cap{margin-top:8px}.elementor-widget-text-editor:not(.elementor-drop-cap-view-default) .elementor-drop-cap-letter{width:1em;height:1em}.elementor-widget-text-editor .elementor-drop-cap{float:left;text-align:center;line-height:1;font-size:50px}.elementor-widget-text-editor .elementor-drop-cap-letter{display:inline-block}<\/style>\t\t\t\t<p>\u0421\u043e\u0432\u0440\u0435\u043c\u0435\u043d\u043d\u0430\u044f \u0443\u0440\u043e\u043b\u043e\u0433\u0438\u0447\u0435\u0441\u043a\u0430\u044f \u043f\u0440\u0430\u043a\u0442\u0438\u043a\u0430 \u0432 1090 \u0433\u043e\u0434\u0443 \u0432 \u0412\u0435\u043d\u0435 <strong> \u0412 \u043c\u043e\u0435\u0439 \u043f\u0440\u0430\u043a\u0442\u0438\u043a\u0435 \u043d\u0430 \u0432\u0435\u043d\u0441\u043a\u043e\u0439 \u0443\u043b\u0438\u0446\u0435 \u041b\u0430\u0437\u0430\u0440\u0435\u0442\u0442\u0433\u0430\u0441\u0441\u0435 \u043c\u043e\u0438 \u043f\u0430\u0446\u0438\u0435\u043d\u0442\u044b \u0438\u043c\u0435\u044e\u0442 \u0434\u043e\u0441\u0442\u0443\u043f \u043a \u0441\u0430\u043c\u044b\u043c \u0441\u043e\u0432\u0440\u0435\u043c\u0435\u043d\u043d\u044b\u043c \u043c\u0435\u0442\u043e\u0434\u0430\u043c \u043e\u0431\u0441\u043b\u0435\u0434\u043e\u0432\u0430\u043d\u0438\u044f \u0438 \u043b\u0435\u0447\u0435\u043d\u0438\u044f \u0432 \u0441\u043f\u043e\u043a\u043e\u0439\u043d\u043e\u0439 \u0438 \u0434\u0440\u0443\u0436\u0435\u043b\u044e\u0431\u043d\u043e\u0439 \u0430\u0442\u043c\u043e\u0441\u0444\u0435\u0440\u0435.<\/strong> \u041e\u043d\u0438 \u043d\u0435 \u0442\u043e\u043b\u044c\u043a\u043e \u0434\u0430\u044e\u0442 \u0431\u043e\u043b\u0435\u0435 \u0442\u043e\u0447\u043d\u0443\u044e \u043e\u0441\u043d\u043e\u0432\u0443 \u0434\u043b\u044f \u043f\u043e\u0441\u0442\u0430\u043d\u043e\u0432\u043a\u0438 \u0442\u043e\u0447\u043d\u043e\u0433\u043e \u0434\u0438\u0430\u0433\u043d\u043e\u0437\u0430 \u0438\u043b\u0438 \u043f\u0440\u0438\u043c\u0435\u043d\u0435\u043d\u0438\u044f \u043c\u0438\u043d\u0438\u043c\u0430\u043b\u044c\u043d\u043e \u0438\u043d\u0432\u0430\u0437\u0438\u0432\u043d\u044b\u0445 \u043c\u0435\u0442\u043e\u0434\u043e\u0432 &#8212; \u0431\u0443\u0434\u044c \u0442\u043e \u0435\u0436\u0435\u0433\u043e\u0434\u043d\u044b\u0439 \u0441\u043a\u0440\u0438\u043d\u0438\u043d\u0433 \u0438\u043b\u0438 \u0434\u043e\u043b\u0433\u043e\u0441\u0440\u043e\u0447\u043d\u043e\u0435 \u043b\u0435\u0447\u0435\u043d\u0438\u0435 &#8212; \u043d\u043e \u0438 \u0447\u0430\u0441\u0442\u043e \u0441\u043e\u043f\u0440\u043e\u0432\u043e\u0436\u0434\u0430\u044e\u0442\u0441\u044f \u0437\u043d\u0430\u0447\u0438\u0442\u0435\u043b\u044c\u043d\u043e \u043c\u0435\u043d\u044c\u0448\u0438\u043c \u043a\u043e\u043b\u0438\u0447\u0435\u0441\u0442\u0432\u043e\u043c \u043f\u043e\u0431\u043e\u0447\u043d\u044b\u0445 \u044d\u0444\u0444\u0435\u043a\u0442\u043e\u0432 \u0434\u043b\u044f \u0412\u0430\u0441. &#8212;<\/p>\n<p><strong>Kurzfristige Terminvereinbarung<\/strong><br \/>Wir stehen f\u00fcr Ihre Anliegen und Beschwerden immer gerne zur Verf\u00fcgung &#8212; bei uns finden Sie in den meisten F\u00e4llen auch die M\u00f6glichkeit, nach vorheriger telefonischer Anmeldung rasch und kurzfristig einen Behandlungs- bzw. Untersuchungstermin zu erhalten. \u0422\u0435\u043c \u043d\u0435 \u043c\u0435\u043d\u0435\u0435, \u044f \u0432\u0441\u0435\u0433\u0434\u0430 \u0443\u0434\u0435\u043b\u044f\u044e \u0434\u043e\u0441\u0442\u0430\u0442\u043e\u0447\u043d\u043e \u0432\u0440\u0435\u043c\u0435\u043d\u0438 \u0434\u043b\u044f \u043f\u043e\u0434\u0440\u043e\u0431\u043d\u043e\u0439 \u0434\u0438\u0430\u0433\u043d\u043e\u0441\u0442\u0438\u043a\u0438 \u0438 \u043e\u0431\u0441\u0443\u0436\u0434\u0435\u043d\u0438\u044f \u0442\u0435\u0440\u0430\u043f\u0438\u0438.<\/p>\n<p><strong>Privat- bzw. Wahlarzt-Praxis<\/strong><br \/>Da ich keine Vertr\u00e4ge mit den jeweiligen Krankenkassen abgeschlossen habe, kommen Sie als Privatpatient zu mir. \u041e\u0434\u043d\u0430\u043a\u043e \u044d\u0442\u043e \u043d\u0435 \u043e\u0437\u043d\u0430\u0447\u0430\u0435\u0442, \u0447\u0442\u043e \u0412\u044b \u0430\u0432\u0442\u043e\u043c\u0430\u0442\u0438\u0447\u0435\u0441\u043a\u0438 \u0434\u043e\u043b\u0436\u043d\u044b \u043d\u0435\u0441\u0442\u0438 \u0440\u0430\u0441\u0445\u043e\u0434\u044b, \u0441\u0432\u044f\u0437\u0430\u043d\u043d\u044b\u0435 \u0442\u043e\u043b\u044c\u043a\u043e \u0441 \u043c\u043e\u0438\u043c \u0433\u043e\u043d\u043e\u0440\u0430\u0440\u043e\u043c. &#8212; \u041e\u0434\u043d\u0430\u043a\u043e \u0412\u044b \u043c\u043e\u0436\u0435\u0442\u0435 \u043f\u043e\u0434\u0430\u0442\u044c \u0438\u0445 \u0432 \u0441\u0432\u043e\u044e \u0441\u0442\u0440\u0430\u0445\u043e\u0432\u0443\u044e \u043a\u043e\u043c\u043f\u0430\u043d\u0438\u044e \u0434\u043b\u044f \u0432\u043e\u0437\u043c\u0435\u0449\u0435\u043d\u0438\u044f \u0440\u0430\u0441\u0445\u043e\u0434\u043e\u0432 \u043d\u0430 \u043b\u0435\u0447\u0435\u043d\u0438\u0435.<\/p>\n<p><strong>Kostenr\u00fcckerstattung<\/strong><br \/>&#8212; \u0414\u043b\u044f \u0440\u0430\u0441\u0447\u0435\u0442\u0430 \u0432\u043e\u0437\u043c\u0435\u0449\u0435\u043d\u0438\u044f \u0438\u0441\u043f\u043e\u043b\u044c\u0437\u0443\u044e\u0442\u0441\u044f \u0442\u043e\u043b\u044c\u043a\u043e \u0442\u0435 \u0443\u0441\u043b\u0443\u0433\u0438, \u043a\u043e\u0442\u043e\u0440\u044b\u0435 \u0432\u043a\u043b\u044e\u0447\u0435\u043d\u044b \u0432 \u043a\u0430\u0442\u0430\u043b\u043e\u0433 \u0442\u0430\u0440\u0438\u0444\u043e\u0432 \u0431\u043e\u043b\u044c\u043d\u0438\u0447\u043d\u043e\u0439 \u043a\u0430\u0441\u0441\u044b \u0434\u043b\u044f \u0441\u043e\u043e\u0442\u0432\u0435\u0442\u0441\u0442\u0432\u0443\u044e\u0449\u0435\u0439 \u0433\u0440\u0443\u043f\u043f\u044b \u0441\u043f\u0435\u0446\u0438\u0430\u043b\u0438\u0441\u0442\u043e\u0432. \u041e\u0434\u043d\u0430\u043a\u043e \u043e\u0431\u0440\u0430\u0442\u0438\u0442\u0435 \u0432\u043d\u0438\u043c\u0430\u043d\u0438\u0435, \u0447\u0442\u043e \u043c\u043e\u0439 \u0433\u043e\u043d\u043e\u0440\u0430\u0440 \u043c\u043e\u0436\u0435\u0442 \u0431\u044b\u0442\u044c \u0432\u044b\u0448\u0435, \u0447\u0435\u043c \u0432\u044b\u0448\u0435\u0443\u043f\u043e\u043c\u044f\u043d\u0443\u0442\u044b\u0439 \u0434\u0435\u043d\u0435\u0436\u043d\u044b\u0439 \u0442\u0430\u0440\u0438\u0444. \u0414\u043e\u043f\u043e\u043b\u043d\u0438\u0442\u0435\u043b\u044c\u043d\u0443\u044e \u0438\u043d\u0444\u043e\u0440\u043c\u0430\u0446\u0438\u044e \u043e \u0432\u043e\u0437\u043c\u0435\u0449\u0435\u043d\u0438\u0438 \u0440\u0430\u0441\u0445\u043e\u0434\u043e\u0432 \u0447\u0435\u0440\u0435\u0437 \u0444\u043e\u043d\u0434\u044b \u043c\u0435\u0434\u0438\u0446\u0438\u043d\u0441\u043a\u043e\u0433\u043e \u0441\u0442\u0440\u0430\u0445\u043e\u0432\u0430\u043d\u0438\u044f \u0412\u044b \u0442\u0430\u043a\u0436\u0435 \u043c\u043e\u0436\u0435\u0442\u0435 \u043d\u0430\u0439\u0442\u0438 \u043d\u0430 \u0441\u0430\u0439\u0442\u0435 \u041c\u0435\u0434\u0438\u0446\u0438\u043d\u0441\u043a\u043e\u0439 \u0430\u0441\u0441\u043e\u0446\u0438\u0430\u0446\u0438\u0438. &#8212;<\/p>\n<p><strong>Private Krankenversicherung \/ Steuerabsetzung<\/strong><br \/>\u0427\u0430\u0441\u0442\u043d\u0430\u044f \u043c\u0435\u0434\u0438\u0446\u0438\u043d\u0441\u043a\u0430\u044f \u0441\u0442\u0440\u0430\u0445\u043e\u0432\u043a\u0430 \/ \u043d\u0430\u043b\u043e\u0433\u043e\u0432\u044b\u0439 \u0432\u044b\u0447\u0435\u0442 \u0415\u0441\u043b\u0438 \u0443 \u0412\u0430\u0441 \u0435\u0441\u0442\u044c \u0447\u0430\u0441\u0442\u043d\u0430\u044f \u043c\u0435\u0434\u0438\u0446\u0438\u043d\u0441\u043a\u0430\u044f \u0441\u0442\u0440\u0430\u0445\u043e\u0432\u043a\u0430, \u0412\u044b \u043c\u043e\u0436\u0435\u0442\u0435 \u043f\u0440\u0435\u0434\u0441\u0442\u0430\u0432\u0438\u0442\u044c \u0440\u0430\u0441\u0445\u043e\u0434\u044b \u043d\u0430 \u043b\u0435\u0447\u0435\u043d\u0438\u0435 \u0438\u043b\u0438 \u0440\u0430\u0441\u0445\u043e\u0434\u044b, \u043f\u0440\u0435\u0432\u044b\u0448\u0430\u044e\u0449\u0438\u0435 \u0432\u043e\u0437\u043c\u0435\u0449\u0435\u043d\u0438\u0435 \u0441\u0442\u0440\u0430\u0445\u043e\u0432\u043e\u0439 \u043a\u043e\u043c\u043f\u0430\u043d\u0438\u0438, \u0438 \u043f\u043e\u043b\u0443\u0447\u0438\u0442\u044c \u0432\u043e\u0437\u043c\u0435\u0449\u0435\u043d\u0438\u0435 &#8212; \u0432\u043e\u0437\u043c\u043e\u0436\u043d\u043e, \u0437\u0430 \u0432\u044b\u0447\u0435\u0442\u043e\u043c \u0444\u0440\u0430\u043d\u0448\u0438\u0437\u044b \u0432 \u0441\u043e\u043e\u0442\u0432\u0435\u0442\u0441\u0442\u0432\u0438\u0438 \u0441 \u0412\u0430\u0448\u0438\u043c \u0434\u043e\u0433\u043e\u0432\u043e\u0440\u043e\u043c \u0441\u0442\u0440\u0430\u0445\u043e\u0432\u0430\u043d\u0438\u044f. \u041f\u043e\u0436\u0430\u043b\u0443\u0439\u0441\u0442\u0430, \u0441\u0432\u044f\u0436\u0438\u0442\u0435\u0441\u044c \u0441 \u0412\u0430\u0448\u0438\u043c \u0441\u0442\u0440\u0430\u0445\u043e\u0432\u0449\u0438\u043a\u043e\u043c \u043f\u043e \u044d\u0442\u043e\u043c\u0443 \u043f\u043e\u0432\u043e\u0434\u0443. \u041a\u0440\u043e\u043c\u0435 \u0442\u043e\u0433\u043e, \u043f\u0440\u0438 \u043e\u043f\u0440\u0435\u0434\u0435\u043b\u0435\u043d\u043d\u044b\u0445 \u0443\u0441\u043b\u043e\u0432\u0438\u044f\u0445 \u0432\u044b\u0448\u0435\u0443\u043f\u043e\u043c\u044f\u043d\u0443\u0442\u044b\u0435 \u0440\u0430\u0441\u0445\u043e\u0434\u044b \u0432\u044b\u0447\u0438\u0442\u0430\u044e\u0442\u0441\u044f \u0438\u0437 \u043d\u0430\u043b\u043e\u0433\u043e\u043e\u0431\u043b\u0430\u0433\u0430\u0435\u043c\u043e\u0439 \u0431\u0430\u0437\u044b \u043f\u0440\u0438 \u043d\u0430\u0447\u0438\u0441\u043b\u0435\u043d\u0438\u0438 \u0437\u0430\u0440\u0430\u0431\u043e\u0442\u043d\u043e\u0439 \u043f\u043b\u0430\u0442\u044b (\u0432\u044b\u0440\u0430\u0432\u043d\u0438\u0432\u0430\u043d\u0438\u0435 \u043d\u0430\u043b\u043e\u0433\u0430 \u043d\u0430 \u0437\u0430\u0440\u0430\u0431\u043e\u0442\u043d\u0443\u044e \u043f\u043b\u0430\u0442\u0443) \u0438\u043b\u0438 \u0432 \u0412\u0430\u0448\u0435\u0439 \u0434\u0435\u043a\u043b\u0430\u0440\u0430\u0446\u0438\u0438 \u043e \u0434\u043e\u0445\u043e\u0434\u0430\u0445. &#8212;<\/p>\n<p>\u041a\u043e\u043d\u0435\u0447\u043d\u043e, \u043c\u044b \u0442\u0430\u043a\u0436\u0435 \u0431\u0443\u0434\u0435\u043c \u0440\u0430\u0434\u044b \u043b\u0438\u0447\u043d\u043e \u043f\u0440\u043e\u0438\u043d\u0444\u043e\u0440\u043c\u0438\u0440\u043e\u0432\u0430\u0442\u044c \u0412\u0430\u0441 \u0438 \u043f\u043e\u043c\u043e\u0447\u044c \u0412\u0430\u043c \u0441 \u043f\u043e\u0434\u0430\u0447\u0435\u0439 \u0434\u043e\u043a\u0443\u043c\u0435\u043d\u0442\u043e\u0432 \u0432 \u0412\u0430\u0448\u0443 \u0431\u043e\u043b\u044c\u043d\u0438\u0447\u043d\u0443\u044e \u043a\u0430\u0441\u0441\u0443 &#8212; <a href=\"https:\/\/drschatzl.at\/kontakt\/\">\u043f\u0440\u043e\u0441\u0442\u043e \u043f\u043e\u043f\u0440\u043e\u0441\u0438\u0442\u0435 \u043d\u0430\u0441<\/a>!<\/p>\n\t\t\t\t\t\t<\/div>\n\t\t\t\t<\/div>\n\t\t\t\t\t<\/div>\r\n\t\t\t\t<\/div>\r\n\t\t\t\t\t<\/div>\r\n\t\t\t\t<\/section>\r\n\t\t\t\t<section class=\"elementor-section elementor-top-section elementor-element elementor-element-135daac pb-5 elementor-section-boxed elementor-section-height-default elementor-section-height-default\" data-id=\"135daac\" data-element_type=\"section\">\r\n\t\t\r\n\t\t\t\t\t\t\t<div class=\"elementor-container elementor-column-gap-default\">\r\n\t\t\t\t\t\t\t\t\t\t\t<div class=\"elementor-column elementor-col-50 elementor-top-column elementor-element elementor-element-5904d92\" data-id=\"5904d92\" data-element_type=\"column\">\r\n\t\t\t\t\t<div class=\"elementor-widget-wrap elementor-element-populated\">\r\n\t\t\t\t\t\t\t\t<div class=\"elementor-element elementor-element-8f5e8db p-3 box-shadow-1 elementor-invisible elementor-widget elementor-widget-image\" data-id=\"8f5e8db\" data-element_type=\"widget\" data-settings=\"{&quot;_animation&quot;:&quot;fadeInUp&quot;,&quot;_animation_delay&quot;:500}\" data-widget_type=\"image.default\">\n\t\t\t\t<div class=\"elementor-widget-container\">\n\t\t\t<style>\/*! elementor - v3.18.0 - 08-12-2023 *\/\n.elementor-widget-image{text-align:center}.elementor-widget-image a{display:inline-block}.elementor-widget-image a img[src$=\".svg\"]{width:48px}.elementor-widget-image img{vertical-align:middle;display:inline-block}<\/style>\t\t\t\t\t\t\t\t\t\t\t\t<img fetchpriority=\"high\" decoding=\"async\" width=\"840\" height=\"420\" src=\"https:\/\/drschatzl.at\/wp-content\/uploads\/2023\/10\/Ordination_8.jpg\" class=\"attachment-full size-full wp-image-3264\" alt=\"\" srcset=\"https:\/\/drschatzl.at\/wp-content\/uploads\/2023\/10\/Ordination_8.jpg 840w, https:\/\/drschatzl.at\/wp-content\/uploads\/2023\/10\/Ordination_8-768x384.jpg 768w, https:\/\/drschatzl.at\/wp-content\/uploads\/2023\/10\/Ordination_8-640x320.jpg 640w, https:\/\/drschatzl.at\/wp-content\/uploads\/2023\/10\/Ordination_8-400x200.jpg 400w\" sizes=\"(max-width: 840px) 100vw, 840px\" \/>\t\t\t\t\t\t\t\t\t\t\t\t\t\t\t<\/div>\n\t\t\t\t<\/div>\n\t\t\t\t<div class=\"elementor-element elementor-element-30800f6 p-3 box-shadow-1 elementor-invisible elementor-widget elementor-widget-image\" data-id=\"30800f6\" data-element_type=\"widget\" data-settings=\"{&quot;_animation&quot;:&quot;fadeInUp&quot;,&quot;_animation_delay&quot;:500}\" data-widget_type=\"image.default\">\n\t\t\t\t<div class=\"elementor-widget-container\">\n\t\t\t\t\t\t\t\t\t\t\t\t\t\t\t<img decoding=\"async\" width=\"840\" height=\"420\" src=\"https:\/\/drschatzl.at\/wp-content\/uploads\/2023\/10\/Ordination_1.jpg\" class=\"attachment-full size-full wp-image-3266\" alt=\"\" srcset=\"https:\/\/drschatzl.at\/wp-content\/uploads\/2023\/10\/Ordination_1.jpg 840w, https:\/\/drschatzl.at\/wp-content\/uploads\/2023\/10\/Ordination_1-768x384.jpg 768w, https:\/\/drschatzl.at\/wp-content\/uploads\/2023\/10\/Ordination_1-640x320.jpg 640w, https:\/\/drschatzl.at\/wp-content\/uploads\/2023\/10\/Ordination_1-400x200.jpg 400w\" sizes=\"(max-width: 840px) 100vw, 840px\" \/>\t\t\t\t\t\t\t\t\t\t\t\t\t\t\t<\/div>\n\t\t\t\t<\/div>\n\t\t\t\t<div class=\"elementor-element elementor-element-6bb2e8c p-3 box-shadow-1 elementor-invisible elementor-widget elementor-widget-image\" data-id=\"6bb2e8c\" data-element_type=\"widget\" data-settings=\"{&quot;_animation&quot;:&quot;fadeInUp&quot;,&quot;_animation_delay&quot;:500}\" data-widget_type=\"image.default\">\n\t\t\t\t<div class=\"elementor-widget-container\">\n\t\t\t\t\t\t\t\t\t\t\t\t\t\t\t<img decoding=\"async\" width=\"840\" height=\"420\" src=\"https:\/\/drschatzl.at\/wp-content\/uploads\/2023\/10\/Ordination_7.jpg\" class=\"attachment-full size-full wp-image-3268\" alt=\"\" srcset=\"https:\/\/drschatzl.at\/wp-content\/uploads\/2023\/10\/Ordination_7.jpg 840w, https:\/\/drschatzl.at\/wp-content\/uploads\/2023\/10\/Ordination_7-768x384.jpg 768w, https:\/\/drschatzl.at\/wp-content\/uploads\/2023\/10\/Ordination_7-640x320.jpg 640w, https:\/\/drschatzl.at\/wp-content\/uploads\/2023\/10\/Ordination_7-400x200.jpg 400w\" sizes=\"(max-width: 840px) 100vw, 840px\" \/>\t\t\t\t\t\t\t\t\t\t\t\t\t\t\t<\/div>\n\t\t\t\t<\/div>\n\t\t\t\t\t<\/div>\r\n\t\t\t\t<\/div>\r\n\t\t\t\t<div class=\"elementor-column elementor-col-50 elementor-top-column elementor-element elementor-element-8226df9\" data-id=\"8226df9\" data-element_type=\"column\">\r\n\t\t\t\t\t<div class=\"elementor-widget-wrap elementor-element-populated\">\r\n\t\t\t\t\t\t\t\t<div class=\"elementor-element elementor-element-d8c1beb p-3 box-shadow-1 elementor-invisible elementor-widget elementor-widget-image\" data-id=\"d8c1beb\" data-element_type=\"widget\" data-settings=\"{&quot;_animation&quot;:&quot;fadeInUp&quot;,&quot;_animation_delay&quot;:700}\" data-widget_type=\"image.default\">\n\t\t\t\t<div class=\"elementor-widget-container\">\n\t\t\t\t\t\t\t\t\t\t\t\t\t\t\t<img loading=\"lazy\" decoding=\"async\" width=\"840\" height=\"420\" src=\"https:\/\/drschatzl.at\/wp-content\/uploads\/2023\/10\/Ordination_5.jpg\" class=\"attachment-full size-full wp-image-3265\" alt=\"\" srcset=\"https:\/\/drschatzl.at\/wp-content\/uploads\/2023\/10\/Ordination_5.jpg 840w, https:\/\/drschatzl.at\/wp-content\/uploads\/2023\/10\/Ordination_5-768x384.jpg 768w, https:\/\/drschatzl.at\/wp-content\/uploads\/2023\/10\/Ordination_5-640x320.jpg 640w, https:\/\/drschatzl.at\/wp-content\/uploads\/2023\/10\/Ordination_5-400x200.jpg 400w\" sizes=\"(max-width: 840px) 100vw, 840px\" \/>\t\t\t\t\t\t\t\t\t\t\t\t\t\t\t<\/div>\n\t\t\t\t<\/div>\n\t\t\t\t<div class=\"elementor-element elementor-element-9bfcc1b p-3 box-shadow-1 elementor-invisible elementor-widget elementor-widget-image\" data-id=\"9bfcc1b\" data-element_type=\"widget\" data-settings=\"{&quot;_animation&quot;:&quot;fadeInUp&quot;,&quot;_animation_delay&quot;:700}\" data-widget_type=\"image.default\">\n\t\t\t\t<div class=\"elementor-widget-container\">\n\t\t\t\t\t\t\t\t\t\t\t\t\t\t\t<img loading=\"lazy\" decoding=\"async\" width=\"840\" height=\"420\" src=\"https:\/\/drschatzl.at\/wp-content\/uploads\/2023\/10\/Ordination_3.jpg\" class=\"attachment-full size-full wp-image-3267\" alt=\"\" srcset=\"https:\/\/drschatzl.at\/wp-content\/uploads\/2023\/10\/Ordination_3.jpg 840w, https:\/\/drschatzl.at\/wp-content\/uploads\/2023\/10\/Ordination_3-768x384.jpg 768w, https:\/\/drschatzl.at\/wp-content\/uploads\/2023\/10\/Ordination_3-640x320.jpg 640w, https:\/\/drschatzl.at\/wp-content\/uploads\/2023\/10\/Ordination_3-400x200.jpg 400w\" sizes=\"(max-width: 840px) 100vw, 840px\" \/>\t\t\t\t\t\t\t\t\t\t\t\t\t\t\t<\/div>\n\t\t\t\t<\/div>\n\t\t\t\t<div class=\"elementor-element elementor-element-8bba730 p-3 box-shadow-1 elementor-invisible elementor-widget elementor-widget-image\" data-id=\"8bba730\" data-element_type=\"widget\" data-settings=\"{&quot;_animation&quot;:&quot;fadeInUp&quot;,&quot;_animation_delay&quot;:700}\" data-widget_type=\"image.default\">\n\t\t\t\t<div class=\"elementor-widget-container\">\n\t\t\t\t\t\t\t\t\t\t\t\t\t\t\t<img loading=\"lazy\" decoding=\"async\" width=\"840\" height=\"420\" src=\"https:\/\/drschatzl.at\/wp-content\/uploads\/2023\/10\/Ordination_6.jpg\" class=\"attachment-full size-full wp-image-3269\" alt=\"\" srcset=\"https:\/\/drschatzl.at\/wp-content\/uploads\/2023\/10\/Ordination_6.jpg 840w, https:\/\/drschatzl.at\/wp-content\/uploads\/2023\/10\/Ordination_6-768x384.jpg 768w, https:\/\/drschatzl.at\/wp-content\/uploads\/2023\/10\/Ordination_6-640x320.jpg 640w, https:\/\/drschatzl.at\/wp-content\/uploads\/2023\/10\/Ordination_6-400x200.jpg 400w\" sizes=\"(max-width: 840px) 100vw, 840px\" \/>\t\t\t\t\t\t\t\t\t\t\t\t\t\t\t<\/div>\n\t\t\t\t<\/div>\n\t\t\t\t\t<\/div>\r\n\t\t\t\t<\/div>\r\n\t\t\t\t\t<\/div>\r\n\t\t\t\t<\/section>\r\n\t\t\t\t\t\t\t<\/div>\n\t\t","protected":false},"excerpt":{"rendered":"<p>\u0421\u043e\u0432\u0440\u0435\u043c\u0435\u043d\u043d\u0430\u044f \u0443\u0440\u043e\u043b\u043e\u0433\u0438\u0447\u0435\u0441\u043a\u0430\u044f \u043f\u0440\u0430\u043a\u0442\u0438\u043a\u0430 \u0432 1090 \u0433\u043e\u0434\u0443 \u0432 \u0412\u0435\u043d\u0435 \u0412 \u043c\u043e\u0435\u0439 \u043f\u0440\u0430\u043a\u0442\u0438\u043a\u0435 \u043d\u0430 \u0432\u0435\u043d\u0441\u043a\u043e\u0439 \u0443\u043b\u0438\u0446\u0435 \u041b\u0430\u0437\u0430\u0440\u0435\u0442\u0442\u0433\u0430\u0441\u0441\u0435 \u043c\u043e\u0438 \u043f\u0430\u0446\u0438\u0435\u043d\u0442\u044b \u0438\u043c\u0435\u044e\u0442 \u0434\u043e\u0441\u0442\u0443\u043f \u043a \u0441\u0430\u043c\u044b\u043c \u0441\u043e\u0432\u0440\u0435\u043c\u0435\u043d\u043d\u044b\u043c \u043c\u0435\u0442\u043e\u0434\u0430\u043c \u043e\u0431\u0441\u043b\u0435\u0434\u043e\u0432\u0430\u043d\u0438\u044f \u0438 \u043b\u0435\u0447\u0435\u043d\u0438\u044f \u0432 \u0441\u043f\u043e\u043a\u043e\u0439\u043d\u043e\u0439 \u0438 \u0434\u0440\u0443\u0436\u0435\u043b\u044e\u0431\u043d\u043e\u0439 \u0430\u0442\u043c\u043e\u0441\u0444\u0435\u0440\u0435. \u041e\u043d\u0438 \u043d\u0435 \u0442\u043e\u043b\u044c\u043a\u043e \u0434\u0430\u044e\u0442 \u0431\u043e\u043b\u0435\u0435 \u0442\u043e\u0447\u043d\u0443\u044e \u043e\u0441\u043d\u043e\u0432\u0443 \u0434\u043b\u044f \u043f\u043e\u0441\u0442\u0430\u043d\u043e\u0432\u043a\u0438 \u0442\u043e\u0447\u043d\u043e\u0433\u043e \u0434\u0438\u0430\u0433\u043d\u043e\u0437\u0430 \u0438\u043b\u0438 \u043f\u0440\u0438\u043c\u0435\u043d\u0435\u043d\u0438\u044f \u043c\u0438\u043d\u0438\u043c\u0430\u043b\u044c\u043d\u043e \u0438\u043d\u0432\u0430\u0437\u0438\u0432\u043d\u044b\u0445 \u043c\u0435\u0442\u043e\u0434\u043e\u0432 &#8212; \u0431\u0443\u0434\u044c \u0442\u043e \u0435\u0436\u0435\u0433\u043e\u0434\u043d\u044b\u0439 \u0441\u043a\u0440\u0438\u043d\u0438\u043d\u0433 \u0438\u043b\u0438 \u0434\u043e\u043b\u0433\u043e\u0441\u0440\u043e\u0447\u043d\u043e\u0435 \u043b\u0435\u0447\u0435\u043d\u0438\u0435 [&hellip;]<\/p>\n","protected":false},"author":3,"featured_media":0,"parent":0,"menu_order":0,"comment_status":"closed","ping_status":"closed","template":"","meta":{"footnotes":""},"class_list":["post-3873","page","type-page","status-publish","hentry"],"_links":{"self":[{"href":"https:\/\/drschatzl.at\/ru\/wp-json\/wp\/v2\/pages\/3873","targetHints":{"allow":["GET"]}}],"collection":[{"href":"https:\/\/drschatzl.at\/ru\/wp-json\/wp\/v2\/pages"}],"about":[{"href":"https:\/\/drschatzl.at\/ru\/wp-json\/wp\/v2\/types\/page"}],"author":[{"embeddable":true,"href":"https:\/\/drschatzl.at\/ru\/wp-json\/wp\/v2\/users\/3"}],"replies":[{"embeddable":true,"href":"https:\/\/drschatzl.at\/ru\/wp-json\/wp\/v2\/comments?post=3873"}],"version-history":[{"count":1,"href":"https:\/\/drschatzl.at\/ru\/wp-json\/wp\/v2\/pages\/3873\/revisions"}],"predecessor-version":[{"id":3874,"href":"https:\/\/drschatzl.at\/ru\/wp-json\/wp\/v2\/pages\/3873\/revisions\/3874"}],"wp:attachment":[{"href":"https:\/\/drschatzl.at\/ru\/wp-json\/wp\/v2\/media?parent=3873"}],"curies":[{"name":"wp","href":"https:\/\/api.w.org\/{rel}","templated":true}]}}